{"id":1745,"date":"2025-05-19T16:39:26","date_gmt":"2025-05-19T16:39:26","guid":{"rendered":"https:\/\/royalco.io\/?page_id=1745"},"modified":"2025-08-29T15:47:18","modified_gmt":"2025-08-29T15:47:18","slug":"case-studies","status":"publish","type":"page","link":"https:\/\/royalco.io\/en\/case-studies\/","title":{"rendered":"Case studies"},"content":{"rendered":"\n\n\t<section class=\"section\" id=\"section_1099861994\">\n\t\t<div class=\"section-bg fill\" >\n\t\t\t\t\t\t\t\t\t\n\t\t\t\n\n\t\t<\/div>\n\n\t\t\n\n\t\t<div class=\"section-content relative\">\n\t\t\t\n\n\t<div id=\"gap-1619920347\" class=\"gap-element clearfix\" style=\"display:block; height:auto;\">\n\t\t\n<style>\n#gap-1619920347 {\n  padding-top: 30px;\n}\n<\/style>\n\t<\/div>\n\t\n\n<div class=\"row\"  id=\"row-1258582069\">\n\n\n\t<div id=\"col-321015802\" class=\"col small-12 large-12\"  >\n\t\t\t\t<div class=\"col-inner\"  >\n\t\t\t\n\t\t\t\n\n\t<div id=\"text-3102342747\" class=\"text\">\n\t\t\n\n<h6><\/h6>\n\t\t\n<style>\n#text-3102342747 {\n  font-size: 1rem;\n}\n<\/style>\n\t<\/div>\n\t\n\n\t\t<\/div>\n\t\t\t\t\n<style>\n#col-321015802 > .col-inner {\n  margin: 0px 0px -30px 0px;\n}\n<\/style>\n\t<\/div>\n\n\t\n\n\t<div id=\"col-418391217\" class=\"col medium-8 small-12 large-6\"  >\n\t\t\t\t<div class=\"col-inner\"  >\n\t\t\t\n\t\t\t\n\n\t<div id=\"text-638862749\" class=\"text\">\n\t\t\n\n<h1>Case studies<\/h1>\n\t\t\n<style>\n#text-638862749 {\n  font-size: 1.5rem;\n}\n<\/style>\n\t<\/div>\n\t\n\n\t\t<\/div>\n\t\t\t\t\t<\/div>\n\n\t\n\n\t<div id=\"col-1240284734\" class=\"col medium-12 small-12 large-6\"  >\n\t\t\t\t<div class=\"col-inner\"  >\n\t\t\t\n\t<div class=\"is-border\"\n\t\tstyle=\"border-color:rgb(250, 114, 104);border-width:0px 0px 0px 2px;\">\n\t<\/div>\n\t\t\t\n\n<p class=\"p1\">Pomagamy firmom i przedsi\u0119biorcom osi\u0105ga\u0107 nowe poziomy efektywno\u015bci i innowacji. Royal Company to partner dla tych, kt\u00f3rzy oczekuj\u0105 wi\u0119cej ni\u017c standardowych rozwi\u0105za\u0144.<\/p>\n\n\t\t<\/div>\n\t\t\t\t\n<style>\n#col-1240284734 > .col-inner {\n  padding: 0px 0px 0px 30px;\n  margin: 0px 0px 0px 0px;\n}\n@media (min-width:850px) {\n  #col-1240284734 > .col-inner {\n    margin: 10px 0px 0px 0px;\n  }\n}\n<\/style>\n\t<\/div>\n\n\t\n\n<\/div>\n<div class=\"row\"  id=\"row-567659918\">\n\n\n\t<div id=\"col-1410852350\" class=\"col small-12 large-12\"  >\n\t\t\t\t<div class=\"col-inner\"  >\n\t\t\t\n\t\t\t\n\n<div id=\"portfolio-2123163823\" class=\"portfolio-element-wrapper has-filtering\">\n  \n    <div class=\"row large-columns-2 medium-columns- small-columns- row-small\" >\n    <div class=\"col\" data-terms=\"\" >\n          <div class=\"col-inner\" >\n          <a href=\"https:\/\/royalco.io\/en\/featured_item\/marketplace-for-xella\/\" class=\"plain \">\n          <div class=\"portfolio-box box has-hover\">\n            <div class=\"box-image\" >\n                <div class=\"image-overlay-add-50 image-zoom image-cover\" style=\"padding-top:50%;\">\n                <img loading=\"lazy\" decoding=\"async\" width=\"300\" height=\"157\" src=\"https:\/\/royalco.io\/wp-content\/uploads\/2025\/05\/marketplace_xella-300x157.png\" class=\"attachment-medium size-medium\" alt=\"marketplace_xella\" srcset=\"https:\/\/royalco.io\/wp-content\/uploads\/2025\/05\/marketplace_xella-300x157.png 300w, https:\/\/royalco.io\/wp-content\/uploads\/2025\/05\/marketplace_xella-1024x536.png 1024w, https:\/\/royalco.io\/wp-content\/uploads\/2025\/05\/marketplace_xella-768x402.png 768w, https:\/\/royalco.io\/wp-content\/uploads\/2025\/05\/marketplace_xella.png 1200w\" sizes=\"auto, (max-width: 300px) 100vw, 300px\" \/>                                                <\/div>\n            <\/div>\n            <div class=\"box-text text-center is-large\" style=\"background-color:rgb(252, 248, 243);\">\n                  <div class=\"box-text-inner\">\n                      <h6 class=\"uppercase portfolio-box-title\">Marketplace for Xella<\/h6>\n                      <p class=\"uppercase portfolio-box-category is-xsmall op-6\">\n                        <span class=\"show-on-hover\">\n                                                 <\/span>\n                      <\/p>\n                  <\/div>\n            <\/div>\n           <\/div>\n           <\/a>\n           <\/div>\n           <\/div><div class=\"col\" data-terms=\"\" >\n          <div class=\"col-inner\" >\n          <a href=\"https:\/\/royalco.io\/en\/featured_item\/ai-automation-for-laselection\/\" class=\"plain \">\n          <div class=\"portfolio-box box has-hover\">\n            <div class=\"box-image\" >\n                <div class=\"image-overlay-add-50 image-zoom image-cover\" style=\"padding-top:50%;\">\n                <img loading=\"lazy\" decoding=\"async\" width=\"300\" height=\"174\" src=\"https:\/\/royalco.io\/wp-content\/uploads\/2025\/08\/automation_ai_laselection_2-300x174.png\" class=\"attachment-medium size-medium\" alt=\"\" srcset=\"https:\/\/royalco.io\/wp-content\/uploads\/2025\/08\/automation_ai_laselection_2-300x174.png 300w, https:\/\/royalco.io\/wp-content\/uploads\/2025\/08\/automation_ai_laselection_2-1024x595.png 1024w, https:\/\/royalco.io\/wp-content\/uploads\/2025\/08\/automation_ai_laselection_2-768x447.png 768w, https:\/\/royalco.io\/wp-content\/uploads\/2025\/08\/automation_ai_laselection_2.png 1080w\" sizes=\"auto, (max-width: 300px) 100vw, 300px\" \/>                                                <\/div>\n            <\/div>\n            <div class=\"box-text text-center is-large\" style=\"background-color:rgb(252, 248, 243);\">\n                  <div class=\"box-text-inner\">\n                      <h6 class=\"uppercase portfolio-box-title\">AI automation for Laselection<\/h6>\n                      <p class=\"uppercase portfolio-box-category is-xsmall op-6\">\n                        <span class=\"show-on-hover\">\n                                                 <\/span>\n                      <\/p>\n                  <\/div>\n            <\/div>\n           <\/div>\n           <\/a>\n           <\/div>\n           <\/div><\/div><\/div>\n\n\n\t\t<\/div>\n\t\t\t\t\t<\/div>\n\n\t\n\n<\/div>\n\n\t\t<\/div>\n\n\t\t\n<style>\n#section_1099861994 {\n  padding-top: 60px;\n  padding-bottom: 60px;\n  min-height: 400px;\n  background-color: rgb(255,255,255);\n}\n@media (min-width:550px) {\n  #section_1099861994 {\n    padding-top: 80px;\n    padding-bottom: 80px;\n  }\n}\n@media (min-width:850px) {\n  #section_1099861994 {\n    padding-top: 110px;\n    padding-bottom: 110px;\n  }\n}\n<\/style>\n\t<\/section>\n\t\n\n","protected":false},"excerpt":{"rendered":"","protected":false},"author":1,"featured_media":0,"parent":0,"menu_order":0,"comment_status":"closed","ping_status":"closed","template":"page-blank.php","meta":{"content-type":"","footnotes":""},"class_list":["post-1745","page","type-page","status-publish","hentry"],"yoast_head":"<!-- This site is optimized with the Yoast SEO plugin v27.5 - https:\/\/yoast.com\/product\/yoast-seo-wordpress\/ -->\n<title>Case studies - Royal Company<\/title>\n<meta name=\"robots\" content=\"index, follow, max-snippet:-1, max-image-preview:large, max-video-preview:-1\" \/>\n<link rel=\"canonical\" href=\"https:\/\/royalco.io\/en\/case-studies\/\" \/>\n<meta property=\"og:locale\" content=\"en_US\" \/>\n<meta property=\"og:type\" content=\"article\" \/>\n<meta property=\"og:title\" content=\"Case studies - Royal Company\" \/>\n<meta property=\"og:url\" content=\"https:\/\/royalco.io\/en\/case-studies\/\" \/>\n<meta property=\"og:site_name\" content=\"Royal Company\" \/>\n<meta property=\"article:modified_time\" content=\"2025-08-29T15:47:18+00:00\" \/>\n<meta name=\"twitter:card\" content=\"summary_large_image\" \/>\n<script type=\"application\/ld+json\" class=\"yoast-schema-graph\">{\"@context\":\"https:\\\/\\\/schema.org\",\"@graph\":[{\"@type\":\"WebPage\",\"@id\":\"https:\\\/\\\/royalco.io\\\/en\\\/case-studies\\\/\",\"url\":\"https:\\\/\\\/royalco.io\\\/en\\\/case-studies\\\/\",\"name\":\"Case studies - Royal Company\",\"isPartOf\":{\"@id\":\"https:\\\/\\\/royalco.io\\\/en\\\/#website\"},\"datePublished\":\"2025-05-19T16:39:26+00:00\",\"dateModified\":\"2025-08-29T15:47:18+00:00\",\"breadcrumb\":{\"@id\":\"https:\\\/\\\/royalco.io\\\/en\\\/case-studies\\\/#breadcrumb\"},\"inLanguage\":\"en-US\",\"potentialAction\":[{\"@type\":\"ReadAction\",\"target\":[\"https:\\\/\\\/royalco.io\\\/en\\\/case-studies\\\/\"]}]},{\"@type\":\"BreadcrumbList\",\"@id\":\"https:\\\/\\\/royalco.io\\\/en\\\/case-studies\\\/#breadcrumb\",\"itemListElement\":[{\"@type\":\"ListItem\",\"position\":1,\"name\":\"Home\",\"item\":\"https:\\\/\\\/royalco.io\\\/en\\\/\"},{\"@type\":\"ListItem\",\"position\":2,\"name\":\"Case studies\"}]},{\"@type\":\"WebSite\",\"@id\":\"https:\\\/\\\/royalco.io\\\/en\\\/#website\",\"url\":\"https:\\\/\\\/royalco.io\\\/en\\\/\",\"name\":\"Royal Company\",\"description\":\"Redefining business, Digitally!\",\"publisher\":{\"@id\":\"https:\\\/\\\/royalco.io\\\/en\\\/#organization\"},\"potentialAction\":[{\"@type\":\"SearchAction\",\"target\":{\"@type\":\"EntryPoint\",\"urlTemplate\":\"https:\\\/\\\/royalco.io\\\/en\\\/?s={search_term_string}\"},\"query-input\":{\"@type\":\"PropertyValueSpecification\",\"valueRequired\":true,\"valueName\":\"search_term_string\"}}],\"inLanguage\":\"en-US\"},{\"@type\":\"Organization\",\"@id\":\"https:\\\/\\\/royalco.io\\\/en\\\/#organization\",\"name\":\"ROYAL COMAPNY Sp. z o.o\",\"alternateName\":\"ROYAL COMAPNY\",\"url\":\"https:\\\/\\\/royalco.io\\\/en\\\/\",\"logo\":{\"@type\":\"ImageObject\",\"inLanguage\":\"en-US\",\"@id\":\"https:\\\/\\\/royalco.io\\\/en\\\/#\\\/schema\\\/logo\\\/image\\\/\",\"url\":\"https:\\\/\\\/royalco.io\\\/wp-content\\\/uploads\\\/2025\\\/03\\\/royalco_logo.png\",\"contentUrl\":\"https:\\\/\\\/royalco.io\\\/wp-content\\\/uploads\\\/2025\\\/03\\\/royalco_logo.png\",\"width\":696,\"height\":696,\"caption\":\"ROYAL COMAPNY Sp. z o.o\"},\"image\":{\"@id\":\"https:\\\/\\\/royalco.io\\\/en\\\/#\\\/schema\\\/logo\\\/image\\\/\"},\"sameAs\":[\"https:\\\/\\\/www.linkedin.com\\\/company\\\/royalcoio\\\/\"]}]}<\/script>\n<!-- \/ Yoast SEO plugin. -->","yoast_head_json":{"title":"Case studies - Royal Company","robots":{"index":"index","follow":"follow","max-snippet":"max-snippet:-1","max-image-preview":"max-image-preview:large","max-video-preview":"max-video-preview:-1"},"canonical":"https:\/\/royalco.io\/en\/case-studies\/","og_locale":"en_US","og_type":"article","og_title":"Case studies - Royal Company","og_url":"https:\/\/royalco.io\/en\/case-studies\/","og_site_name":"Royal Company","article_modified_time":"2025-08-29T15:47:18+00:00","twitter_card":"summary_large_image","schema":{"@context":"https:\/\/schema.org","@graph":[{"@type":"WebPage","@id":"https:\/\/royalco.io\/en\/case-studies\/","url":"https:\/\/royalco.io\/en\/case-studies\/","name":"Case studies - Royal Company","isPartOf":{"@id":"https:\/\/royalco.io\/en\/#website"},"datePublished":"2025-05-19T16:39:26+00:00","dateModified":"2025-08-29T15:47:18+00:00","breadcrumb":{"@id":"https:\/\/royalco.io\/en\/case-studies\/#breadcrumb"},"inLanguage":"en-US","potentialAction":[{"@type":"ReadAction","target":["https:\/\/royalco.io\/en\/case-studies\/"]}]},{"@type":"BreadcrumbList","@id":"https:\/\/royalco.io\/en\/case-studies\/#breadcrumb","itemListElement":[{"@type":"ListItem","position":1,"name":"Home","item":"https:\/\/royalco.io\/en\/"},{"@type":"ListItem","position":2,"name":"Case studies"}]},{"@type":"WebSite","@id":"https:\/\/royalco.io\/en\/#website","url":"https:\/\/royalco.io\/en\/","name":"Royal Company","description":"Redefining business, Digitally!","publisher":{"@id":"https:\/\/royalco.io\/en\/#organization"},"potentialAction":[{"@type":"SearchAction","target":{"@type":"EntryPoint","urlTemplate":"https:\/\/royalco.io\/en\/?s={search_term_string}"},"query-input":{"@type":"PropertyValueSpecification","valueRequired":true,"valueName":"search_term_string"}}],"inLanguage":"en-US"},{"@type":"Organization","@id":"https:\/\/royalco.io\/en\/#organization","name":"ROYAL COMAPNY Sp. z o.o","alternateName":"ROYAL COMAPNY","url":"https:\/\/royalco.io\/en\/","logo":{"@type":"ImageObject","inLanguage":"en-US","@id":"https:\/\/royalco.io\/en\/#\/schema\/logo\/image\/","url":"https:\/\/royalco.io\/wp-content\/uploads\/2025\/03\/royalco_logo.png","contentUrl":"https:\/\/royalco.io\/wp-content\/uploads\/2025\/03\/royalco_logo.png","width":696,"height":696,"caption":"ROYAL COMAPNY Sp. z o.o"},"image":{"@id":"https:\/\/royalco.io\/en\/#\/schema\/logo\/image\/"},"sameAs":["https:\/\/www.linkedin.com\/company\/royalcoio\/"]}]}},"_links":{"self":[{"href":"https:\/\/royalco.io\/en\/wp-json\/wp\/v2\/pages\/1745","targetHints":{"allow":["GET"]}}],"collection":[{"href":"https:\/\/royalco.io\/en\/wp-json\/wp\/v2\/pages"}],"about":[{"href":"https:\/\/royalco.io\/en\/wp-json\/wp\/v2\/types\/page"}],"author":[{"embeddable":true,"href":"https:\/\/royalco.io\/en\/wp-json\/wp\/v2\/users\/1"}],"replies":[{"embeddable":true,"href":"https:\/\/royalco.io\/en\/wp-json\/wp\/v2\/comments?post=1745"}],"version-history":[{"count":11,"href":"https:\/\/royalco.io\/en\/wp-json\/wp\/v2\/pages\/1745\/revisions"}],"predecessor-version":[{"id":2075,"href":"https:\/\/royalco.io\/en\/wp-json\/wp\/v2\/pages\/1745\/revisions\/2075"}],"wp:attachment":[{"href":"https:\/\/royalco.io\/en\/wp-json\/wp\/v2\/media?parent=1745"}],"curies":[{"name":"wp","href":"https:\/\/api.w.org\/{rel}","templated":true}]}}